{"id":1306,"date":"2019-08-11T14:06:07","date_gmt":"2019-08-11T14:06:07","guid":{"rendered":"https:\/\/katona.be\/medecine-veterinaire-pour-chevaux\/"},"modified":"2019-08-12T13:27:52","modified_gmt":"2019-08-12T13:27:52","slug":"medecine-veterinaire-pour-chevaux","status":"publish","type":"page","link":"https:\/\/katona.be\/fr\/medecine-veterinaire-pour-chevaux\/","title":{"rendered":"M\u00e9decine v\u00e9t\u00e9rinaire pour chevaux"},"content":{"rendered":"\n<style type=\"text\/css\" data-created_by=\"avia_inline_auto\" id=\"style-css-av-rog5eh-f60500a55dbef6cee1e67d78f0a99803\">\n.avia-section.av-rog5eh-f60500a55dbef6cee1e67d78f0a99803{\nbackground-repeat:no-repeat;\nbackground-image:url(https:\/\/katona.be\/wp-content\/uploads\/2019\/01\/foto-home-bovenaan-kudde-5-1500x430.jpg);\nbackground-position:50% 50%;\nbackground-attachment:scroll;\n}\n<\/style>\n<div id='av_section_1'  class='avia-section av-rog5eh-f60500a55dbef6cee1e67d78f0a99803 main_color avia-section-large avia-no-border-styling  avia-builder-el-0  el_before_av_one_full  avia-builder-el-first  avia-full-stretch avia-bg-style-scroll av-minimum-height av-minimum-height-custom av-height-custom  container_wrap sidebar_right'  data-section-bg-repeat='stretch' data-av_minimum_height_px='450'><div class='container av-section-cont-open' style='height:450px'><main  role=\"main\" itemprop=\"mainContentOfPage\"  class='template-page content  av-content-small alpha units'><div class='post-entry post-entry-type-page post-entry-1306'><div class='entry-content-wrapper clearfix'>\n\n<style type=\"text\/css\" data-created_by=\"avia_inline_auto\" id=\"style-css-av-p0vfnt-c7c568c140fa9e6272fab911ae48fbc2\">\n#top .av-special-heading.av-p0vfnt-c7c568c140fa9e6272fab911ae48fbc2{\npadding-bottom:10px;\ncolor:#ffffff;\nfont-size:70px;\n}\nbody .av-special-heading.av-p0vfnt-c7c568c140fa9e6272fab911ae48fbc2 .av-special-heading-tag .heading-char{\nfont-size:25px;\n}\n#top #wrap_all .av-special-heading.av-p0vfnt-c7c568c140fa9e6272fab911ae48fbc2 .av-special-heading-tag{\nfont-size:70px;\n}\n.av-special-heading.av-p0vfnt-c7c568c140fa9e6272fab911ae48fbc2 .special-heading-inner-border{\nborder-color:#ffffff;\n}\n.av-special-heading.av-p0vfnt-c7c568c140fa9e6272fab911ae48fbc2 .av-subheading{\nfont-size:15px;\n}\n\n@media only screen and (min-width: 480px) and (max-width: 767px){ \n#top #wrap_all .av-special-heading.av-p0vfnt-c7c568c140fa9e6272fab911ae48fbc2 .av-special-heading-tag{\nfont-size:35px;\n}\n}\n\n@media only screen and (max-width: 479px){ \n#top #wrap_all .av-special-heading.av-p0vfnt-c7c568c140fa9e6272fab911ae48fbc2 .av-special-heading-tag{\nfont-size:30px;\n}\n}\n<\/style>\n<div  class='av-special-heading av-p0vfnt-c7c568c140fa9e6272fab911ae48fbc2 av-special-heading-h2 custom-color-heading blockquote modern-quote modern-centered  avia-builder-el-1  avia-builder-el-no-sibling  av-inherit-size'><h2 class='av-special-heading-tag '  itemprop=\"headline\"  >M\u00e9decine v\u00e9t\u00e9rinaire pour chevaux<\/h2><div class=\"special-heading-border\"><div class=\"special-heading-inner-border\"><\/div><\/div><\/div>\n<\/div><\/div><\/main><!-- close content main element --><\/div><\/div><div id='after_section_1'  class='main_color av_default_container_wrap container_wrap sidebar_right'  ><div class='container av-section-cont-open' ><div class='template-page content  av-content-small alpha units'><div class='post-entry post-entry-type-page post-entry-1306'><div class='entry-content-wrapper clearfix'>\n<style type=\"text\/css\" data-created_by=\"avia_inline_auto\" id=\"style-css-av-orp589-fb8cbb969e4625a34afc9d1fabadd4ae\">\n.flex_column.av-orp589-fb8cbb969e4625a34afc9d1fabadd4ae{\nborder-radius:0px 0px 0px 0px;\npadding:0px 0px 0px 0px;\n}\n<\/style>\n<div  class='flex_column av-orp589-fb8cbb969e4625a34afc9d1fabadd4ae av_one_full  avia-builder-el-2  el_after_av_section  el_before_av_one_half  avia-builder-el-first  first flex_column_div av-zero-column-padding  '     ><section  class='av_textblock_section av-mxzj6x-8462c83a374c81836533b25b23996559 '   itemscope=\"itemscope\" itemtype=\"https:\/\/schema.org\/CreativeWork\" ><div class='avia_textblock av_inherit_color'  itemprop=\"text\" ><h2 style=\"text-align: center;\">M\u00e9decine v\u00e9t\u00e9rinaire g\u00e9n\u00e9rale pour chevaux<\/h2>\n<div style=\"text-align: center;\"><strong><span style=\"color: #000000;\">Les rendez-vous sont possibles tous les jours ouvrables entre 8h30 et 19h00. Nous travaillons uniquement sur rendez-vous. De cette fa\u00e7on, nous essayons d&rsquo;\u00e9viter les longs d\u00e9lais d&rsquo;attente.<\/span><\/strong><\/div>\n<div style=\"text-align: center;\"><em><span style=\"color: #3366ff;\"><b>VPour les urgences, nous sommes disponibles 7j \/ 7 et 24h \/ 24. Veuillez toujours nous contacter par t\u00e9l\u00e9phone au pr\u00e9alable.<\/b><\/span><\/em><\/div>\n<div style=\"text-align: center;\"><span style=\"color: #000000;\"><strong>Nous aspirons \u00e0 la qualit\u00e9 dans nos services. Pour cela, nous suivons r\u00e9guli\u00e8rement des formations suppl\u00e9mentaires et en plus, nous investissons dans de bons \u00e9quipements m\u00e9dicaux.<\/strong><\/span><\/div>\n<\/div><\/section><br \/>\n\n<style type=\"text\/css\" data-created_by=\"avia_inline_auto\" id=\"style-css-av-2497yh-53fe6ec71fb916a6586f4697f60cf663\">\n#top .hr.hr-invisible.av-2497yh-53fe6ec71fb916a6586f4697f60cf663{\nheight:40px;\n}\n<\/style>\n<div  class='hr av-2497yh-53fe6ec71fb916a6586f4697f60cf663 hr-invisible  avia-builder-el-4  el_after_av_textblock  avia-builder-el-last '><span class='hr-inner '><span class=\"hr-inner-style\"><\/span><\/span><\/div><\/p><\/div><\/p>\n\n<style type=\"text\/css\" data-created_by=\"avia_inline_auto\" id=\"style-css-av-is3nnd-8867bd4563ee626e8364e8d436bef6c3\">\n.flex_column.av-is3nnd-8867bd4563ee626e8364e8d436bef6c3{\nborder-radius:0px 0px 0px 0px;\npadding:0px 0px 0px 0px;\n}\n<\/style>\n<div  class='flex_column av-is3nnd-8867bd4563ee626e8364e8d436bef6c3 av_one_half  avia-builder-el-5  el_after_av_one_full  el_before_av_one_half  first flex_column_div av-zero-column-padding  column-top-margin'     ><section  class='av_textblock_section av-h27fll-ea66d3b1d1f53239b9a6fbf8ac232b76 '   itemscope=\"itemscope\" itemtype=\"https:\/\/schema.org\/CreativeWork\" ><div class='avia_textblock'  itemprop=\"text\" ><h3>Consultations<\/h3>\n<p>Les rendez-vous sont possibles tous les jours ouvrables entre 8h30 et 19h00, \u00e0 la fois \u00e0 la pratique ou chez vous.<\/p>\n<p>Si vous n\u2019\u00eates pas s\u00fbr si nous venons chez vous, appelez-nous ou envoyez un email.<\/p>\n<p><a href=\"https:\/\/katona.be\/fr\/contact\/\">Coordonn\u00e9es.<\/a><\/p>\n<h3><strong>Cas d&rsquo;urgence<\/strong><\/h3>\n<p>En cas d&rsquo;urgence, nous sommes disponibles 7j \/ 7 et 24h \/ 24 apr\u00e8s contact t\u00e9l\u00e9phonique: <a href=\"https:\/\/katona.be\/fr\/contact\/\">Coordonn\u00e9es.<\/a><\/p>\n<h3><strong>Hospitalisation et salle d&rsquo;examen<\/strong><\/h3>\n<p>Nos \u00e9curies spacieuses sont toutes \u00e9quip\u00e9es de cam\u00e9ras de surveillance. Nous disposons de l&rsquo;espace n\u00e9cessaire pour examiner votre cheval en profondeur dans la pratique.<\/p>\n<h3><strong>La chirurgie<\/strong><\/h3>\n<p>Les proc\u00e9dures de routine telles que la castration des \u00e9talons et la chirurgie des plaies peuvent \u00eatre effectu\u00e9es \u00e0 la fois sur le terrain et chez nous.<\/p>\n<p>Les op\u00e9rations d&rsquo;urgence ont toujours la priorit\u00e9 sur les consultations. Cela signifie qu&rsquo;un rendez-vous peut \u00eatre report\u00e9.<\/p>\n<h3><strong>Soins bucco-dentaires<\/strong><\/h3>\n<p>Des dents soign\u00e9es sont essentielles pour une sant\u00e9 optimale. L&rsquo;inflammation des dents ou des gencives est extr\u00eamement douloureuse! Cela peut entra\u00eener une mauvaise mastication et une perte de poids, des mauvaises odeurs, une diminution des performances et m\u00eame des changements de comportement (r\u00e9sistance et agressivit\u00e9). Par cons\u00e9quent, faites v\u00e9rifier les dents de votre animal tous les ans!<\/p>\n<h3><strong>Radiographie et \u00e9chographie (\u00e9galement mobile)<\/strong><\/h3>\n<p>Nos images radiographiques sont de haute qualit\u00e9 et rapidement disponibles. Gr\u00e2ce \u00e0 notre \u00e9quipement mobile, nous pouvons \u00e9galement effectuer des examens par rayons X (photos RX) et par ultrasons en d\u00e9placement.<\/p>\n<h3><strong>Orthop\u00e9die<\/strong><\/h3>\n<p>Tests de blessures, limit\u00e9s ou \u00e9tendus, et inspections d&rsquo;achat, avec ou sans photos.<\/p>\n<h3><strong>Conseils nutritionnels<\/strong><\/h3>\n<p>Un r\u00e9gime optimal est essentiel pour la sant\u00e9 de votre animal. Il existe une large gamme d&rsquo;aliments pour animaux sur le march\u00e9. Faire le bon choix n&rsquo;est donc pas \u00e9vident. Nous sommes heureux de vous guider \u00e0 travers ce processus. Pour les animaux \u00e0 besoins sp\u00e9ciaux, la pr\u00e9vention des maladies et les animaux de sport.<a name=\"osteopathie\"><\/a><\/p>\n<h3><strong>L&rsquo;ost\u00e9opathie<\/strong><\/h3>\n<p>L&rsquo;ost\u00e9opathie est un traitement manuel dans lequel le corps est consid\u00e9r\u00e9 dans son ensemble. Nous recherchons la cause des plaintes sous un angle diff\u00e9rent. L&rsquo;ost\u00e9opathie peut aider avec de nombreuses plaintes. Voulez-vous savoir si votre animal peut \u00eatre aid\u00e9 par l&rsquo;ost\u00e9opathie? <a href=\"https:\/\/katona.be\/osteopathie\/\">Cliquez ici pour obtenir plus d&rsquo;informations sur l&rsquo;ost\u00e9opathie chez les animaux<\/a> ou contactez-nous. <a href=\"https:\/\/katona.be\/fr\/contact\/\">Coordonn\u00e9es<\/a><\/p>\n<h3><strong>Reproduction et obst\u00e9trique<\/strong><\/h3>\n<p>Vous pouvez nous contacter pour le suivi du cycle par \u00e9chographie, l&rsquo;ins\u00e9mination artificielle (IA), l&rsquo;aide \u00e0 la gestation, etc. Aussi sur place.<a name=\"veulenzorg\"><\/a><\/p>\n<h3><strong>Soins aux poulains et aux juments <\/strong><strong>nourrici\u00e8res<\/strong><\/h3>\n<p>Nous avons un grand troupeau de\u00a0<a href=\"https:\/\/katona.be\/pleegmerrie-voor-moederloos-veulen\/\">juments nourrici\u00e8res sp\u00e9cialis\u00e9es pour les poulains sans m\u00e8re<\/a>.<\/p>\n<p>Nous louons ces juments chez nous et \u00e0 l&rsquo;\u00e9tranger. Pour cela, nous collaborons avec les cliniques v\u00e9t\u00e9rinaires Equitom, De Bosdreef, &lsquo;t Bokt et l&rsquo;Universit\u00e9 de Gand.<\/p>\n<p>Il est crucial d&rsquo;agir vite avec les poulains nouveau-n\u00e9s !! Quelques heures peuvent faire la diff\u00e9rence entre la vie et la mort. Nous sommes disponibles 24\/7.\u00a0<a href=\"https:\/\/katona.be\/fr\/contact\/\">Coordonn\u00e9es.<\/a><\/p>\n<p>Les poulains malades, faibles ou pr\u00e9matur\u00e9s peuvent venir chez nous. Gr\u00e2ce \u00e0 une formation constante et \u00e0 des ann\u00e9es d\u2019exp\u00e9rience, nous avons pu mettre en place un syst\u00e8me complet de soins des poulains.<\/p>\n<\/div><\/section><\/div>\n<style type=\"text\/css\" data-created_by=\"avia_inline_auto\" id=\"style-css-av-ghvwq1-d4286d629137088c4e9edf970897bae2\">\n.flex_column.av-ghvwq1-d4286d629137088c4e9edf970897bae2{\nborder-radius:0px 0px 0px 0px;\npadding:0px 0px 0px 0px;\n}\n<\/style>\n<div  class='flex_column av-ghvwq1-d4286d629137088c4e9edf970897bae2 av_one_half  avia-builder-el-7  el_after_av_one_half  el_before_av_hr  flex_column_div av-zero-column-padding  column-top-margin'     ><p>\n<style type=\"text\/css\" data-created_by=\"avia_inline_auto\" id=\"style-css-av-eqh8sp-6238695f25d4515f1fc85ec45e42c52c\">\n.avia-image-container.av-eqh8sp-6238695f25d4515f1fc85ec45e42c52c img.avia_image{\nbox-shadow:none;\n}\n.avia-image-container.av-eqh8sp-6238695f25d4515f1fc85ec45e42c52c .av-image-caption-overlay-center{\ncolor:#ffffff;\n}\n<\/style>\n<div  class='avia-image-container av-eqh8sp-6238695f25d4515f1fc85ec45e42c52c av-styling- avia-align-center  avia-builder-el-8  el_before_av_image  avia-builder-el-first '   itemprop=\"image\" itemscope=\"itemscope\" itemtype=\"https:\/\/schema.org\/ImageObject\" ><div class=\"avia-image-container-inner\"><div class=\"avia-image-overlay-wrap\"><img decoding=\"async\" fetchpriority=\"high\" class='wp-image-1150 avia-img-lazy-loading-not-1150 avia_image ' src=\"https:\/\/katona.be\/wp-content\/uploads\/2019\/01\/diensten-paard-4-720x430.jpg\" alt='M\u00e9decine v\u00e9t\u00e9rinaire g\u00e9n\u00e9rale pour chevaux' title='M\u00e9decine v\u00e9t\u00e9rinaire g\u00e9n\u00e9rale pour chevaux'  height=\"430\" width=\"720\"  itemprop=\"thumbnailUrl\"  \/><\/div><\/div><\/div><br \/>\n\n<style type=\"text\/css\" data-created_by=\"avia_inline_auto\" id=\"style-css-av-cqv85l-4db3dbb3c2542cccbebe4cfe6d410dc0\">\n.avia-image-container.av-cqv85l-4db3dbb3c2542cccbebe4cfe6d410dc0 img.avia_image{\nbox-shadow:none;\n}\n.avia-image-container.av-cqv85l-4db3dbb3c2542cccbebe4cfe6d410dc0 .av-image-caption-overlay-center{\ncolor:#ffffff;\n}\n<\/style>\n<div  class='avia-image-container av-cqv85l-4db3dbb3c2542cccbebe4cfe6d410dc0 av-styling- avia-align-center  avia-builder-el-9  el_after_av_image  el_before_av_image '   itemprop=\"image\" itemscope=\"itemscope\" itemtype=\"https:\/\/schema.org\/ImageObject\" ><div class=\"avia-image-container-inner\"><div class=\"avia-image-overlay-wrap\"><img decoding=\"async\" fetchpriority=\"high\" class='wp-image-1148 avia-img-lazy-loading-not-1148 avia_image ' src=\"https:\/\/katona.be\/wp-content\/uploads\/2019\/01\/diensten-paard-3-1030x687.jpg\" alt='M\u00e9decine v\u00e9t\u00e9rinaire g\u00e9n\u00e9rale pour chevaux' title='M\u00e9decine v\u00e9t\u00e9rinaire g\u00e9n\u00e9rale pour chevaux'  height=\"687\" width=\"1030\"  itemprop=\"thumbnailUrl\" srcset=\"https:\/\/katona.be\/wp-content\/uploads\/2019\/01\/diensten-paard-3-1030x687.jpg 1030w, https:\/\/katona.be\/wp-content\/uploads\/2019\/01\/diensten-paard-3-300x200.jpg 300w, https:\/\/katona.be\/wp-content\/uploads\/2019\/01\/diensten-paard-3-768x512.jpg 768w, https:\/\/katona.be\/wp-content\/uploads\/2019\/01\/diensten-paard-3-1500x1000.jpg 1500w, https:\/\/katona.be\/wp-content\/uploads\/2019\/01\/diensten-paard-3-705x470.jpg 705w, https:\/\/katona.be\/wp-content\/uploads\/2019\/01\/diensten-paard-3-450x300.jpg 450w\" sizes=\"(max-width: 1030px) 100vw, 1030px\" \/><\/div><\/div><\/div><br \/>\n\n<style type=\"text\/css\" data-created_by=\"avia_inline_auto\" id=\"style-css-av-avbtah-fac7aaaa8c16aab3b919515653adec3c\">\n.avia-image-container.av-avbtah-fac7aaaa8c16aab3b919515653adec3c img.avia_image{\nbox-shadow:none;\n}\n.avia-image-container.av-avbtah-fac7aaaa8c16aab3b919515653adec3c .av-image-caption-overlay-center{\ncolor:#ffffff;\n}\n<\/style>\n<div  class='avia-image-container av-avbtah-fac7aaaa8c16aab3b919515653adec3c av-styling- avia-align-center  avia-builder-el-10  el_after_av_image  el_before_av_image '   itemprop=\"image\" itemscope=\"itemscope\" itemtype=\"https:\/\/schema.org\/ImageObject\" ><div class=\"avia-image-container-inner\"><div class=\"avia-image-overlay-wrap\"><img decoding=\"async\" fetchpriority=\"high\" class='wp-image-1165 avia-img-lazy-loading-not-1165 avia_image ' src=\"https:\/\/katona.be\/wp-content\/uploads\/2019\/02\/rx-paard-voet-664x1030.jpg\" alt='Radiographie et \u00e9chographie chevaux' title='Radiographie et \u00e9chographie chevaux'  height=\"1030\" width=\"664\"  itemprop=\"thumbnailUrl\" srcset=\"https:\/\/katona.be\/wp-content\/uploads\/2019\/02\/rx-paard-voet-664x1030.jpg 664w, https:\/\/katona.be\/wp-content\/uploads\/2019\/02\/rx-paard-voet-193x300.jpg 193w, https:\/\/katona.be\/wp-content\/uploads\/2019\/02\/rx-paard-voet-768x1192.jpg 768w, https:\/\/katona.be\/wp-content\/uploads\/2019\/02\/rx-paard-voet-966x1500.jpg 966w, https:\/\/katona.be\/wp-content\/uploads\/2019\/02\/rx-paard-voet-454x705.jpg 454w, https:\/\/katona.be\/wp-content\/uploads\/2019\/02\/rx-paard-voet-450x699.jpg 450w, https:\/\/katona.be\/wp-content\/uploads\/2019\/02\/rx-paard-voet.jpg 1319w\" sizes=\"(max-width: 664px) 100vw, 664px\" \/><\/div><\/div><\/div><br \/>\n\n<style type=\"text\/css\" data-created_by=\"avia_inline_auto\" id=\"style-css-av-9mwg4p-8503038132e057bdc3b23b539147f963\">\n.avia-image-container.av-9mwg4p-8503038132e057bdc3b23b539147f963 img.avia_image{\nbox-shadow:none;\n}\n.avia-image-container.av-9mwg4p-8503038132e057bdc3b23b539147f963 .av-image-caption-overlay-center{\ncolor:#ffffff;\n}\n<\/style>\n<div  class='avia-image-container av-9mwg4p-8503038132e057bdc3b23b539147f963 av-styling- avia-align-center  avia-builder-el-11  el_after_av_image  avia-builder-el-last '   itemprop=\"image\" itemscope=\"itemscope\" itemtype=\"https:\/\/schema.org\/ImageObject\" ><div class=\"avia-image-container-inner\"><div class=\"avia-image-overlay-wrap\"><img decoding=\"async\" fetchpriority=\"high\" class='wp-image-1146 avia-img-lazy-loading-not-1146 avia_image ' src=\"https:\/\/katona.be\/wp-content\/uploads\/2019\/01\/diensten-paard-2-1-1030x687.jpg\" alt='M\u00e9decine v\u00e9t\u00e9rinaire g\u00e9n\u00e9rale pour chevaux' title='M\u00e9decine v\u00e9t\u00e9rinaire g\u00e9n\u00e9rale pour chevaux'  height=\"687\" width=\"1030\"  itemprop=\"thumbnailUrl\" srcset=\"https:\/\/katona.be\/wp-content\/uploads\/2019\/01\/diensten-paard-2-1-1030x687.jpg 1030w, https:\/\/katona.be\/wp-content\/uploads\/2019\/01\/diensten-paard-2-1-300x200.jpg 300w, https:\/\/katona.be\/wp-content\/uploads\/2019\/01\/diensten-paard-2-1-768x512.jpg 768w, https:\/\/katona.be\/wp-content\/uploads\/2019\/01\/diensten-paard-2-1-1500x1000.jpg 1500w, https:\/\/katona.be\/wp-content\/uploads\/2019\/01\/diensten-paard-2-1-705x470.jpg 705w, https:\/\/katona.be\/wp-content\/uploads\/2019\/01\/diensten-paard-2-1-450x300.jpg 450w\" sizes=\"(max-width: 1030px) 100vw, 1030px\" \/><\/div><\/div><\/div><\/p><\/div><\/p>\n\n<style type=\"text\/css\" data-created_by=\"avia_inline_auto\" id=\"style-css-av-6tnopl-fc2defbc2ad932076438bb04c144549c\">\n#top .hr.hr-invisible.av-6tnopl-fc2defbc2ad932076438bb04c144549c{\nheight:50px;\n}\n<\/style>\n<div  class='hr av-6tnopl-fc2defbc2ad932076438bb04c144549c hr-invisible  avia-builder-el-12  el_after_av_one_half  el_before_av_button '><span class='hr-inner '><span class=\"hr-inner-style\"><\/span><\/span><\/div>\n<div  class='avia-button-wrap av-61nvuh-20693dfb77e3c7530c4c46af67feb08e-wrap avia-button-center  avia-builder-el-13  el_after_av_hr  el_before_av_one_full '><a href='https:\/\/katona.be\/fr\/contact\/'  class='avia-button av-61nvuh-20693dfb77e3c7530c4c46af67feb08e av-link-btn avia-icon_select-yes-right-icon avia-size-x-large avia-position-center avia-color-theme-color'   aria-label=\"Contactez-nous pour plus d\u2019informations.\"><span class='avia_iconbox_title' >Contactez-nous pour plus d\u2019informations.<\/span><span class='avia_button_icon avia_button_icon_right avia-iconfont avia-font-entypo-fontello' data-av_icon='\ue854' data-av_iconfont='entypo-fontello' ><\/span><\/a><\/div>\n\n<style type=\"text\/css\" data-created_by=\"avia_inline_auto\" id=\"style-css-av-47wrsp-8f2b8ad28c15780ccc38d735c50db9b1\">\n.flex_column.av-47wrsp-8f2b8ad28c15780ccc38d735c50db9b1{\nborder-radius:0px 0px 0px 0px;\npadding:70px 0px 0px 0px;\n}\n<\/style>\n<div  class='flex_column av-47wrsp-8f2b8ad28c15780ccc38d735c50db9b1 av_one_full  avia-builder-el-14  el_after_av_button  avia-builder-el-last  first flex_column_div  '     ><section  class='av_textblock_section av-1z5r0p-1e4d846fac5d00848c03a5ff8025d0dc '   itemscope=\"itemscope\" itemtype=\"https:\/\/schema.org\/CreativeWork\" ><div class='avia_textblock'  itemprop=\"text\" ><\/div><\/section><\/div>\n","protected":false},"excerpt":{"rendered":"","protected":false},"author":1,"featured_media":0,"parent":0,"menu_order":0,"comment_status":"closed","ping_status":"closed","template":"","meta":{"footnotes":""},"class_list":["post-1306","page","type-page","status-publish","hentry"],"yoast_head":"<!-- This site is optimized with the Yoast SEO plugin v27.1.1 - https:\/\/yoast.com\/product\/yoast-seo-wordpress\/ -->\n<title>M\u00e9decine v\u00e9t\u00e9rinaire pour chevaux &#8226; Dierenartsenpraktijk Katona Wechelderzande<\/title>\n<meta name=\"description\" content=\"Cabinet v\u00e9t\u00e9rinaire Katona: m\u00e9decine v\u00e9t\u00e9rinaire pour chevaux. Pour les urgences, nous sommes disponibles 7j \/ 7 et 24h \/ 24. Veuillez toujours nous contacter par t\u00e9l\u00e9phone au pr\u00e9alable.\" \/>\n<meta name=\"robots\" content=\"index, follow, max-snippet:-1, max-image-preview:large, max-video-preview:-1\" \/>\n<link rel=\"canonical\" href=\"https:\/\/katona.be\/fr\/medecine-veterinaire-pour-chevaux\/\" \/>\n<meta property=\"og:locale\" content=\"fr_FR\" \/>\n<meta property=\"og:type\" content=\"article\" \/>\n<meta property=\"og:title\" content=\"M\u00e9decine v\u00e9t\u00e9rinaire pour chevaux &#8226; Dierenartsenpraktijk Katona Wechelderzande\" \/>\n<meta property=\"og:description\" content=\"Cabinet v\u00e9t\u00e9rinaire Katona: m\u00e9decine v\u00e9t\u00e9rinaire pour chevaux. Pour les urgences, nous sommes disponibles 7j \/ 7 et 24h \/ 24. Veuillez toujours nous contacter par t\u00e9l\u00e9phone au pr\u00e9alable.\" \/>\n<meta property=\"og:url\" content=\"https:\/\/katona.be\/fr\/medecine-veterinaire-pour-chevaux\/\" \/>\n<meta property=\"og:site_name\" content=\"Dierenartsenpraktijk Katona Wechelderzande\" \/>\n<meta property=\"article:publisher\" content=\"https:\/\/www.facebook.com\/DierenartsenpraktijkKatona\/\" \/>\n<meta property=\"article:modified_time\" content=\"2019-08-12T13:27:52+00:00\" \/>\n<meta name=\"twitter:card\" content=\"summary_large_image\" \/>\n<meta name=\"twitter:label1\" content=\"Dur\u00e9e de lecture estim\u00e9e\" \/>\n\t<meta name=\"twitter:data1\" content=\"7 minutes\" \/>\n<!-- \/ Yoast SEO plugin. -->","yoast_head_json":{"title":"M\u00e9decine v\u00e9t\u00e9rinaire pour chevaux &#8226; Dierenartsenpraktijk Katona Wechelderzande","description":"Cabinet v\u00e9t\u00e9rinaire Katona: m\u00e9decine v\u00e9t\u00e9rinaire pour chevaux. Pour les urgences, nous sommes disponibles 7j \/ 7 et 24h \/ 24. Veuillez toujours nous contacter par t\u00e9l\u00e9phone au pr\u00e9alable.","robots":{"index":"index","follow":"follow","max-snippet":"max-snippet:-1","max-image-preview":"max-image-preview:large","max-video-preview":"max-video-preview:-1"},"canonical":"https:\/\/katona.be\/fr\/medecine-veterinaire-pour-chevaux\/","og_locale":"fr_FR","og_type":"article","og_title":"M\u00e9decine v\u00e9t\u00e9rinaire pour chevaux &#8226; Dierenartsenpraktijk Katona Wechelderzande","og_description":"Cabinet v\u00e9t\u00e9rinaire Katona: m\u00e9decine v\u00e9t\u00e9rinaire pour chevaux. Pour les urgences, nous sommes disponibles 7j \/ 7 et 24h \/ 24. Veuillez toujours nous contacter par t\u00e9l\u00e9phone au pr\u00e9alable.","og_url":"https:\/\/katona.be\/fr\/medecine-veterinaire-pour-chevaux\/","og_site_name":"Dierenartsenpraktijk Katona Wechelderzande","article_publisher":"https:\/\/www.facebook.com\/DierenartsenpraktijkKatona\/","article_modified_time":"2019-08-12T13:27:52+00:00","twitter_card":"summary_large_image","twitter_misc":{"Dur\u00e9e de lecture estim\u00e9e":"7 minutes"},"schema":{"@context":"https:\/\/schema.org","@graph":[{"@type":"WebPage","@id":"https:\/\/katona.be\/fr\/medecine-veterinaire-pour-chevaux\/","url":"https:\/\/katona.be\/fr\/medecine-veterinaire-pour-chevaux\/","name":"M\u00e9decine v\u00e9t\u00e9rinaire pour chevaux &#8226; Dierenartsenpraktijk Katona Wechelderzande","isPartOf":{"@id":"https:\/\/katona.be\/#website"},"datePublished":"2019-08-11T14:06:07+00:00","dateModified":"2019-08-12T13:27:52+00:00","description":"Cabinet v\u00e9t\u00e9rinaire Katona: m\u00e9decine v\u00e9t\u00e9rinaire pour chevaux. Pour les urgences, nous sommes disponibles 7j \/ 7 et 24h \/ 24. Veuillez toujours nous contacter par t\u00e9l\u00e9phone au pr\u00e9alable.","breadcrumb":{"@id":"https:\/\/katona.be\/fr\/medecine-veterinaire-pour-chevaux\/#breadcrumb"},"inLanguage":"fr-FR","potentialAction":[{"@type":"ReadAction","target":["https:\/\/katona.be\/fr\/medecine-veterinaire-pour-chevaux\/"]}]},{"@type":"BreadcrumbList","@id":"https:\/\/katona.be\/fr\/medecine-veterinaire-pour-chevaux\/#breadcrumb","itemListElement":[{"@type":"ListItem","position":1,"name":"Home","item":"https:\/\/katona.be\/fr\/cabinet-veterinaire-katona\/"},{"@type":"ListItem","position":2,"name":"M\u00e9decine v\u00e9t\u00e9rinaire pour chevaux"}]},{"@type":"WebSite","@id":"https:\/\/katona.be\/#website","url":"https:\/\/katona.be\/","name":"Dierenartsenpraktijk Katona Wechelderzande","description":"","publisher":{"@id":"https:\/\/katona.be\/#organization"},"potentialAction":[{"@type":"SearchAction","target":{"@type":"EntryPoint","urlTemplate":"https:\/\/katona.be\/?s={search_term_string}"},"query-input":{"@type":"PropertyValueSpecification","valueRequired":true,"valueName":"search_term_string"}}],"inLanguage":"fr-FR"},{"@type":"Organization","@id":"https:\/\/katona.be\/#organization","name":"Dierenartsenpraktijk Katona","url":"https:\/\/katona.be\/","logo":{"@type":"ImageObject","inLanguage":"fr-FR","@id":"https:\/\/katona.be\/#\/schema\/logo\/image\/","url":"https:\/\/katona.be\/wp-content\/uploads\/2018\/05\/logo-katona-web-white-156.png","contentUrl":"https:\/\/katona.be\/wp-content\/uploads\/2018\/05\/logo-katona-web-white-156.png","width":"451","height":"156","caption":"Dierenartsenpraktijk Katona"},"image":{"@id":"https:\/\/katona.be\/#\/schema\/logo\/image\/"},"sameAs":["https:\/\/www.facebook.com\/DierenartsenpraktijkKatona\/"]}]}},"_links":{"self":[{"href":"https:\/\/katona.be\/fr\/wp-json\/wp\/v2\/pages\/1306","targetHints":{"allow":["GET"]}}],"collection":[{"href":"https:\/\/katona.be\/fr\/wp-json\/wp\/v2\/pages"}],"about":[{"href":"https:\/\/katona.be\/fr\/wp-json\/wp\/v2\/types\/page"}],"author":[{"embeddable":true,"href":"https:\/\/katona.be\/fr\/wp-json\/wp\/v2\/users\/1"}],"replies":[{"embeddable":true,"href":"https:\/\/katona.be\/fr\/wp-json\/wp\/v2\/comments?post=1306"}],"version-history":[{"count":4,"href":"https:\/\/katona.be\/fr\/wp-json\/wp\/v2\/pages\/1306\/revisions"}],"predecessor-version":[{"id":1343,"href":"https:\/\/katona.be\/fr\/wp-json\/wp\/v2\/pages\/1306\/revisions\/1343"}],"wp:attachment":[{"href":"https:\/\/katona.be\/fr\/wp-json\/wp\/v2\/media?parent=1306"}],"curies":[{"name":"wp","href":"https:\/\/api.w.org\/{rel}","templated":true}]}}